{"id":8,"date":"2016-08-10T08:51:14","date_gmt":"2016-08-10T08:51:14","guid":{"rendered":"http:\/\/blogdovitinho.com.br\/?page_id=8"},"modified":"2019-04-20T13:21:31","modified_gmt":"2019-04-20T16:21:31","slug":"projetos-sociais","status":"publish","type":"page","link":"https:\/\/blogdovitinho.com.br\/pt_br\/projetos-sociais\/","title":{"rendered":"PROJETOS SOCIAIS"},"content":{"rendered":"<div class=\"fusion-fullwidth fullwidth-box fusion-builder-row-1 hundred-percent-fullwidth non-hundred-percent-height-scrolling\" style=\"--awb-background-position:left top;--awb-border-radius-top-left:0px;--awb-border-radius-top-right:0px;--awb-border-radius-bottom-right:0px;--awb-border-radius-bottom-left:0px;--awb-padding-top:150px;--awb-padding-right:5.5%;--awb-padding-bottom:150px;--awb-padding-left:5.5%;--awb-background-color:#d7d6d6;--awb-border-sizes-top:0px;--awb-border-sizes-bottom:0px;\" ><div class=\"fusion-builder-row fusion-row\"><div class=\"fusion-layout-column fusion_builder_column fusion-builder-column-0 fusion_builder_column_1_1 1_1 fusion-one-full fusion-column-first fusion-column-last\" style=\"--awb-bg-size:cover;\"><div class=\"fusion-column-wrapper fusion-flex-column-wrapper-legacy\"><style type=\"text\/css\">.fusion-portfolio-wrapper#fusion-portfolio-1 .fusion-portfolio-content{ padding: 25px 25px 25px 25px; text-align: left; }<\/style><div class=\"fusion-recent-works fusion-portfolio-element fusion-portfolio fusion-portfolio-1 fusion-portfolio-grid fusion-portfolio-paging-none fusion-portfolio-three fusion-portfolio-boxed fusion-portfolio-text fusion-portfolio-equal-heights fusion-portfolio-rollover\" data-id=\"-rw-1\" data-columns=\"three\"><style type=\"text\/css\">.fusion-portfolio-1 .fusion-portfolio-wrapper .fusion-col-spacing{padding:25px;}<\/style><div class=\"fusion-portfolio-wrapper\" id=\"fusion-portfolio-1\" data-picturesize=\"auto\" data-pages=\"1\" style=\"margin:-25px;\"><article id=\"portfolio-1-post-1389\" class=\"fusion-portfolio-post projetos-sociais fusion-col-spacing post-1389\"><div class=\"fusion-portfolio-content-wrapper\" style=\"border:none;background-color:rgba(255,255,255,0);\"><span class=\"vcard rich-snippet-hidden\"><span class=\"fn\"><\/span><\/span><span class=\"updated rich-snippet-hidden\">2019-05-02T18:39:23-03:00<\/span><div  class=\"fusion-image-wrapper\" aria-haspopup=\"true\">\n\t\t\t\t<img decoding=\"async\" width=\"1040\" height=\"585\" src=\"https:\/\/blogdovitinho.com.br\/wp-content\/uploads\/2019\/04\/IMG_20171217_110232552.jpg\" class=\"attachment-full size-full wp-post-image\" alt=\"\" srcset=\"https:\/\/blogdovitinho.com.br\/wp-content\/uploads\/2019\/04\/IMG_20171217_110232552-200x113.jpg 200w, https:\/\/blogdovitinho.com.br\/wp-content\/uploads\/2019\/04\/IMG_20171217_110232552-400x225.jpg 400w, https:\/\/blogdovitinho.com.br\/wp-content\/uploads\/2019\/04\/IMG_20171217_110232552-600x338.jpg 600w, https:\/\/blogdovitinho.com.br\/wp-content\/uploads\/2019\/04\/IMG_20171217_110232552-800x450.jpg 800w, https:\/\/blogdovitinho.com.br\/wp-content\/uploads\/2019\/04\/IMG_20171217_110232552.jpg 1040w\" sizes=\"(min-width: 2200px) 100vw, (min-width: 784px) 367px, (min-width: 712px) 550px, (min-width: 640px) 712px, \" \/><div class=\"fusion-rollover\">\n\t<div class=\"fusion-rollover-content\">\n\n\t\t\t\t\n\t\t\n\t\t\t\t\t\t\t\t\t\t\t\t<h4 class=\"fusion-rollover-title\">\n\t\t\t\t\t<a class=\"fusion-rollover-title-link\" href=\"https:\/\/blogdovitinho.com.br\/pt_br\/projetos\/segunda-confraternizacao-esportiva-dos-veteranos-da-vila-acaba-mundo\/\">\n\t\t\t\t\t\tSEGUNDA CONFRATERNIZA\u00c7\u00c3O ESPORTIVA DOS VETERANOS DA VILA ACABA MUNDO\t\t\t\t\t<\/a>\n\t\t\t\t<\/h4>\n\t\t\t\n\t\t\t\t\t\t\t\t\n\t\t\n\t\t\t\t\t\t<a class=\"fusion-link-wrapper\" href=\"https:\/\/blogdovitinho.com.br\/pt_br\/projetos\/segunda-confraternizacao-esportiva-dos-veteranos-da-vila-acaba-mundo\/\" aria-label=\"SEGUNDA CONFRATERNIZA\u00c7\u00c3O ESPORTIVA DOS VETERANOS DA VILA ACABA MUNDO\"><\/a>\n\t<\/div>\n<\/div>\n<\/div>\n<div class=\"fusion-portfolio-content\" style=\"background-color:rgba(255,255,255,0);\"><h2 class=\"entry-title fusion-post-title\"><a href=\"https:\/\/blogdovitinho.com.br\/pt_br\/projetos\/segunda-confraternizacao-esportiva-dos-veteranos-da-vila-acaba-mundo\/\">SEGUNDA CONFRATERNIZA\u00c7\u00c3O ESPORTIVA DOS VETERANOS DA VILA ACABA MUNDO<\/a><\/h2><div class=\"fusion-portfolio-meta\"><a href=\"https:\/\/blogdovitinho.com.br\/pt_br\/portfolio_category\/projetos-sociais\/\" rel=\"tag\">PROJETOS SOCIAIS<\/a><\/div><div class=\"fusion-content-sep sep-transparent sep-none\" style=\"border-color:rgba(224,222,222,0);\"><\/div><div class=\"fusion-post-content\"><p> Segunda Confraterniza\u00e7\u00e3o Esportiva dos Veteranos da Vila Acaba Mundo   Nossa segunda Confraterniza\u00e7\u00e3o, que teve sua segunda edi\u00e7\u00e3o no dia 16\/12\/2018, tendo alcan\u00e7ado mesmo \u00eaxito, em 2018 .Adicionado a uma enorme presen\u00e7a de<\/p><\/div><\/div><\/div><\/article><article id=\"portfolio-1-post-1325\" class=\"fusion-portfolio-post projetos-sociais fusion-col-spacing post-1325\"><div class=\"fusion-portfolio-content-wrapper\" style=\"border:none;background-color:rgba(255,255,255,0);\"><span class=\"vcard rich-snippet-hidden\"><span class=\"fn\"><a href=\"https:\/\/blogdovitinho.com.br\/pt_br\/author\/victor\/\" title=\"Posts de Victor F\u00e1bregas\" rel=\"author\">Victor F\u00e1bregas<\/a><\/span><\/span><span class=\"updated rich-snippet-hidden\">2019-05-08T17:46:39-03:00<\/span><div  class=\"fusion-image-wrapper\" aria-haspopup=\"true\">\n\t\t\t\t<img decoding=\"async\" width=\"1040\" height=\"585\" src=\"https:\/\/blogdovitinho.com.br\/wp-content\/uploads\/2019\/04\/IMG_20171217_110232552.jpg\" class=\"attachment-full size-full wp-post-image\" alt=\"\" srcset=\"https:\/\/blogdovitinho.com.br\/wp-content\/uploads\/2019\/04\/IMG_20171217_110232552-200x113.jpg 200w, https:\/\/blogdovitinho.com.br\/wp-content\/uploads\/2019\/04\/IMG_20171217_110232552-400x225.jpg 400w, https:\/\/blogdovitinho.com.br\/wp-content\/uploads\/2019\/04\/IMG_20171217_110232552-600x338.jpg 600w, https:\/\/blogdovitinho.com.br\/wp-content\/uploads\/2019\/04\/IMG_20171217_110232552-800x450.jpg 800w, https:\/\/blogdovitinho.com.br\/wp-content\/uploads\/2019\/04\/IMG_20171217_110232552.jpg 1040w\" sizes=\"(min-width: 2200px) 100vw, (min-width: 784px) 367px, (min-width: 712px) 550px, (min-width: 640px) 712px, \" \/><div class=\"fusion-rollover\">\n\t<div class=\"fusion-rollover-content\">\n\n\t\t\t\t\n\t\t\n\t\t\t\t\t\t\t\t\t\t\t\t<h4 class=\"fusion-rollover-title\">\n\t\t\t\t\t<a class=\"fusion-rollover-title-link\" href=\"https:\/\/blogdovitinho.com.br\/pt_br\/projetos\/primeira-confraternizacao-esportiva-dos-veteranos-da-vila-acaba-mundo\/\">\n\t\t\t\t\t\tCONFRATERNIZA\u00c7\u00c3O ESPORTIVA DOS VETERANOS DA VILA ACABA MUNDO\t\t\t\t\t<\/a>\n\t\t\t\t<\/h4>\n\t\t\t\n\t\t\t\t\t\t\t\t\n\t\t\n\t\t\t\t\t\t<a class=\"fusion-link-wrapper\" href=\"https:\/\/blogdovitinho.com.br\/pt_br\/projetos\/primeira-confraternizacao-esportiva-dos-veteranos-da-vila-acaba-mundo\/\" aria-label=\"CONFRATERNIZA\u00c7\u00c3O ESPORTIVA DOS VETERANOS DA VILA ACABA MUNDO\"><\/a>\n\t<\/div>\n<\/div>\n<\/div>\n<div class=\"fusion-portfolio-content\" style=\"background-color:rgba(255,255,255,0);\"><h2 class=\"entry-title fusion-post-title\"><a href=\"https:\/\/blogdovitinho.com.br\/pt_br\/projetos\/primeira-confraternizacao-esportiva-dos-veteranos-da-vila-acaba-mundo\/\">CONFRATERNIZA\u00c7\u00c3O ESPORTIVA DOS VETERANOS DA VILA ACABA MUNDO<\/a><\/h2><div class=\"fusion-portfolio-meta\"><a href=\"https:\/\/blogdovitinho.com.br\/pt_br\/portfolio_category\/projetos-sociais\/\" rel=\"tag\">PROJETOS SOCIAIS<\/a><\/div><div class=\"fusion-content-sep sep-transparent sep-none\" style=\"border-color:rgba(224,222,222,0);\"><\/div><div class=\"fusion-post-content\"><p> Primeira Confraterniza\u00e7\u00e3o Esportiva dos Veteranos da Vila Acaba Mundo   H\u00e1 longo tempo, desde o t\u00e9rmino do Primeiro Torneio de Futebol Amador realizado em 2012, venho sendo sugerido e at\u00e9 cobrado a criar<\/p><\/div><\/div><\/div><\/article><article id=\"portfolio-1-post-936\" class=\"fusion-portfolio-post projetos-sociais fusion-col-spacing post-936\"><div class=\"fusion-portfolio-content-wrapper\" style=\"border:none;background-color:rgba(255,255,255,0);\"><span class=\"vcard rich-snippet-hidden\"><span class=\"fn\"><a href=\"https:\/\/blogdovitinho.com.br\/pt_br\/author\/victor\/\" title=\"Posts de Victor F\u00e1bregas\" rel=\"author\">Victor F\u00e1bregas<\/a><\/span><\/span><span class=\"updated rich-snippet-hidden\">2019-04-22T12:22:08-03:00<\/span><div  class=\"fusion-image-wrapper\" aria-haspopup=\"true\">\n\t\t\t\t<img decoding=\"async\" width=\"1440\" height=\"810\" src=\"https:\/\/blogdovitinho.com.br\/wp-content\/uploads\/2016\/08\/PROJETO-DE-PRESERVA\u00c7\u00c3O-DO-PARQUE-DAS-MANGABEIRAS-PULM\u00c3O-DE-BH.jpg\" class=\"attachment-full size-full wp-post-image\" alt=\"\" \/><div class=\"fusion-rollover\">\n\t<div class=\"fusion-rollover-content\">\n\n\t\t\t\t\n\t\t\n\t\t\t\t\t\t\t\t\t\t\t\t<h4 class=\"fusion-rollover-title\">\n\t\t\t\t\t<a class=\"fusion-rollover-title-link\" href=\"https:\/\/blogdovitinho.com.br\/pt_br\/projetos\/pulmao-de-bh-parque-das-mangabeiras\/\">\n\t\t\t\t\t\tPULM\u00c3O DE BH &#8211; PARQUE DAS MANGABEIRAS\t\t\t\t\t<\/a>\n\t\t\t\t<\/h4>\n\t\t\t\n\t\t\t\t\t\t\t\t\n\t\t\n\t\t\t\t\t\t<a class=\"fusion-link-wrapper\" href=\"https:\/\/blogdovitinho.com.br\/pt_br\/projetos\/pulmao-de-bh-parque-das-mangabeiras\/\" aria-label=\"PULM\u00c3O DE BH &#8211; PARQUE DAS MANGABEIRAS\"><\/a>\n\t<\/div>\n<\/div>\n<\/div>\n<div class=\"fusion-portfolio-content\" style=\"background-color:rgba(255,255,255,0);\"><h2 class=\"entry-title fusion-post-title\"><a href=\"https:\/\/blogdovitinho.com.br\/pt_br\/projetos\/pulmao-de-bh-parque-das-mangabeiras\/\">PULM\u00c3O DE BH &#8211; PARQUE DAS MANGABEIRAS<\/a><\/h2><div class=\"fusion-portfolio-meta\"><a href=\"https:\/\/blogdovitinho.com.br\/pt_br\/portfolio_category\/projetos-sociais\/\" rel=\"tag\">PROJETOS SOCIAIS<\/a><\/div><div class=\"fusion-content-sep sep-transparent sep-none\" style=\"border-color:rgba(224,222,222,0);\"><\/div><div class=\"fusion-post-content\"><p> Projeto de preserva\u00e7\u00e3o ecol\u00f3gico do Parque das Mangabeiras.   Ao p\u00e9 da Serra do Curral, o Parque das Mangabeiras \u00e9 um dos maiores e mais belos redutos ecol\u00f3gicos de Belo Horizonte. Possui uma<\/p><\/div><\/div><\/div><\/article><article id=\"portfolio-1-post-894\" class=\"fusion-portfolio-post projetos-sociais fusion-col-spacing post-894\"><div class=\"fusion-portfolio-content-wrapper\" style=\"border:none;background-color:rgba(255,255,255,0);\"><span class=\"vcard rich-snippet-hidden\"><span class=\"fn\"><a href=\"https:\/\/blogdovitinho.com.br\/pt_br\/author\/victor\/\" title=\"Posts de Victor F\u00e1bregas\" rel=\"author\">Victor F\u00e1bregas<\/a><\/span><\/span><span class=\"updated rich-snippet-hidden\">2019-04-22T12:19:57-03:00<\/span><div  class=\"fusion-image-wrapper\" aria-haspopup=\"true\">\n\t\t\t\t<img decoding=\"async\" width=\"1024\" height=\"576\" src=\"https:\/\/blogdovitinho.com.br\/wp-content\/uploads\/2017\/01\/natal-solid\u00e1rio-victor-f\u00e1bregas-13.jpg\" class=\"attachment-full size-full wp-post-image\" alt=\"\" \/><div class=\"fusion-rollover\">\n\t<div class=\"fusion-rollover-content\">\n\n\t\t\t\t\n\t\t\n\t\t\t\t\t\t\t\t\t\t\t\t<h4 class=\"fusion-rollover-title\">\n\t\t\t\t\t<a class=\"fusion-rollover-title-link\" href=\"https:\/\/blogdovitinho.com.br\/pt_br\/projetos\/natal-solidario\/\">\n\t\t\t\t\t\tNATAL SOLID\u00c1RIO\t\t\t\t\t<\/a>\n\t\t\t\t<\/h4>\n\t\t\t\n\t\t\t\t\t\t\t\t\n\t\t\n\t\t\t\t\t\t<a class=\"fusion-link-wrapper\" href=\"https:\/\/blogdovitinho.com.br\/pt_br\/projetos\/natal-solidario\/\" aria-label=\"NATAL SOLID\u00c1RIO\"><\/a>\n\t<\/div>\n<\/div>\n<\/div>\n<div class=\"fusion-portfolio-content\" style=\"background-color:rgba(255,255,255,0);\"><h2 class=\"entry-title fusion-post-title\"><a href=\"https:\/\/blogdovitinho.com.br\/pt_br\/projetos\/natal-solidario\/\">NATAL SOLID\u00c1RIO<\/a><\/h2><div class=\"fusion-portfolio-meta\"><a href=\"https:\/\/blogdovitinho.com.br\/pt_br\/portfolio_category\/projetos-sociais\/\" rel=\"tag\">PROJETOS SOCIAIS<\/a><\/div><div class=\"fusion-content-sep sep-transparent sep-none\" style=\"border-color:rgba(224,222,222,0);\"><\/div><div class=\"fusion-post-content\"><p> Natal Solid\u00e1rio faz a alegria de moradores da comunidade   \u00c9 com grande satisfa\u00e7\u00e3o que registro o meu mais profundo agradecimento a voc\u00eas que fizeram e foram respons\u00e1veis pelo Natal Solid\u00e1rio na comunidade<\/p><\/div><\/div><\/div><\/article><article id=\"portfolio-1-post-877\" class=\"fusion-portfolio-post projetos-sociais fusion-col-spacing post-877\"><div class=\"fusion-portfolio-content-wrapper\" style=\"border:none;background-color:rgba(255,255,255,0);\"><span class=\"vcard rich-snippet-hidden\"><span class=\"fn\"><a href=\"https:\/\/blogdovitinho.com.br\/pt_br\/author\/victor\/\" title=\"Posts de Victor F\u00e1bregas\" rel=\"author\">Victor F\u00e1bregas<\/a><\/span><\/span><span class=\"updated rich-snippet-hidden\">2019-04-22T12:23:54-03:00<\/span><div  class=\"fusion-image-wrapper\" aria-haspopup=\"true\">\n\t\t\t\t<img decoding=\"async\" width=\"1024\" height=\"768\" src=\"https:\/\/blogdovitinho.com.br\/wp-content\/uploads\/2016\/07\/blog-social-do-victor-f\u00e1bregas_banner-07.jpg\" class=\"attachment-full size-full wp-post-image\" alt=\"\" \/><div class=\"fusion-rollover\">\n\t<div class=\"fusion-rollover-content\">\n\n\t\t\t\t\n\t\t\n\t\t\t\t\t\t\t\t\t\t\t\t<h4 class=\"fusion-rollover-title\">\n\t\t\t\t\t<a class=\"fusion-rollover-title-link\" href=\"https:\/\/blogdovitinho.com.br\/pt_br\/projetos\/acoes-sociais-independentes\/\">\n\t\t\t\t\t\tA\u00c7\u00d5ES SOCIAIS INDEPENDENTES\t\t\t\t\t<\/a>\n\t\t\t\t<\/h4>\n\t\t\t\n\t\t\t\t\t\t\t\t\n\t\t\n\t\t\t\t\t\t<a class=\"fusion-link-wrapper\" href=\"https:\/\/blogdovitinho.com.br\/pt_br\/projetos\/acoes-sociais-independentes\/\" aria-label=\"A\u00c7\u00d5ES SOCIAIS INDEPENDENTES\"><\/a>\n\t<\/div>\n<\/div>\n<\/div>\n<div class=\"fusion-portfolio-content\" style=\"background-color:rgba(255,255,255,0);\"><h2 class=\"entry-title fusion-post-title\"><a href=\"https:\/\/blogdovitinho.com.br\/pt_br\/projetos\/acoes-sociais-independentes\/\">A\u00c7\u00d5ES SOCIAIS INDEPENDENTES<\/a><\/h2><div class=\"fusion-portfolio-meta\"><a href=\"https:\/\/blogdovitinho.com.br\/pt_br\/portfolio_category\/projetos-sociais\/\" rel=\"tag\">PROJETOS SOCIAIS<\/a><\/div><div class=\"fusion-content-sep sep-transparent sep-none\" style=\"border-color:rgba(224,222,222,0);\"><\/div><div class=\"fusion-post-content\"><p> A\u00e7\u00f5es Sociais Independentes   Fonte matriz de minhas primeiras Atitudes para com as Comunidades Carentes e seus moradores dando ensejo a projetos, alguns felizmente j\u00e1 solidificados com apoio de particulares, tendo grande visibilidade<\/p><\/div><\/div><\/div><\/article><article id=\"portfolio-1-post-862\" class=\"fusion-portfolio-post projetos-sociais fusion-col-spacing post-862\"><div class=\"fusion-portfolio-content-wrapper\" style=\"border:none;background-color:rgba(255,255,255,0);\"><span class=\"vcard rich-snippet-hidden\"><span class=\"fn\"><a href=\"https:\/\/blogdovitinho.com.br\/pt_br\/author\/victor\/\" title=\"Posts de Victor F\u00e1bregas\" rel=\"author\">Victor F\u00e1bregas<\/a><\/span><\/span><span class=\"updated rich-snippet-hidden\">2019-04-22T12:12:12-03:00<\/span><div  class=\"fusion-image-wrapper\" aria-haspopup=\"true\">\n\t\t\t\t<img decoding=\"async\" width=\"1024\" height=\"768\" src=\"https:\/\/blogdovitinho.com.br\/wp-content\/uploads\/2016\/07\/blog-social-do-victor-f\u00e1bregas_banner-03.jpg\" class=\"attachment-full size-full wp-post-image\" alt=\"\" \/><div class=\"fusion-rollover\">\n\t<div class=\"fusion-rollover-content\">\n\n\t\t\t\t\n\t\t\n\t\t\t\t\t\t\t\t\t\t\t\t<h4 class=\"fusion-rollover-title\">\n\t\t\t\t\t<a class=\"fusion-rollover-title-link\" href=\"https:\/\/blogdovitinho.com.br\/pt_br\/projetos\/bem-me-quer\/\">\n\t\t\t\t\t\tBEM ME QUER\t\t\t\t\t<\/a>\n\t\t\t\t<\/h4>\n\t\t\t\n\t\t\t\t\t\t\t\t\n\t\t\n\t\t\t\t\t\t<a class=\"fusion-link-wrapper\" href=\"https:\/\/blogdovitinho.com.br\/pt_br\/projetos\/bem-me-quer\/\" aria-label=\"BEM ME QUER\"><\/a>\n\t<\/div>\n<\/div>\n<\/div>\n<div class=\"fusion-portfolio-content\" style=\"background-color:rgba(255,255,255,0);\"><h2 class=\"entry-title fusion-post-title\"><a href=\"https:\/\/blogdovitinho.com.br\/pt_br\/projetos\/bem-me-quer\/\">BEM ME QUER<\/a><\/h2><div class=\"fusion-portfolio-meta\"><a href=\"https:\/\/blogdovitinho.com.br\/pt_br\/portfolio_category\/projetos-sociais\/\" rel=\"tag\">PROJETOS SOCIAIS<\/a><\/div><div class=\"fusion-content-sep sep-transparent sep-none\" style=\"border-color:rgba(224,222,222,0);\"><\/div><div class=\"fusion-post-content\"><p> Projeto Social Bem me Quer \u00e9 modelo na comunidade   Desde 2010, sou volunt\u00e1rio e gestor ativo no projeto Bem me Quer, institui\u00e7\u00e3o para crian\u00e7as e adolescentes entre 7 e 14 anos. A<\/p><\/div><\/div><\/div><\/article><article id=\"portfolio-1-post-847\" class=\"fusion-portfolio-post projetos-sociais fusion-col-spacing post-847\"><div class=\"fusion-portfolio-content-wrapper\" style=\"border:none;background-color:rgba(255,255,255,0);\"><span class=\"vcard rich-snippet-hidden\"><span class=\"fn\"><a href=\"https:\/\/blogdovitinho.com.br\/pt_br\/author\/victor\/\" title=\"Posts de Victor F\u00e1bregas\" rel=\"author\">Victor F\u00e1bregas<\/a><\/span><\/span><span class=\"updated rich-snippet-hidden\">2019-04-22T12:18:02-03:00<\/span><div  class=\"fusion-image-wrapper\" aria-haspopup=\"true\">\n\t\t\t\t<img decoding=\"async\" width=\"1024\" height=\"768\" src=\"https:\/\/blogdovitinho.com.br\/wp-content\/uploads\/2016\/07\/blog-social-do-victor-f\u00e1bregas_banner-11.jpg\" class=\"attachment-full size-full wp-post-image\" alt=\"\" \/><div class=\"fusion-rollover\">\n\t<div class=\"fusion-rollover-content\">\n\n\t\t\t\t\n\t\t\n\t\t\t\t\t\t\t\t\t\t\t\t<h4 class=\"fusion-rollover-title\">\n\t\t\t\t\t<a class=\"fusion-rollover-title-link\" href=\"https:\/\/blogdovitinho.com.br\/pt_br\/projetos\/torneio-victor-fabregas\/\">\n\t\t\t\t\t\tTORNEIO VICTOR F\u00c1BREGAS\t\t\t\t\t<\/a>\n\t\t\t\t<\/h4>\n\t\t\t\n\t\t\t\t\t\t\t\t\n\t\t\n\t\t\t\t\t\t<a class=\"fusion-link-wrapper\" href=\"https:\/\/blogdovitinho.com.br\/pt_br\/projetos\/torneio-victor-fabregas\/\" aria-label=\"TORNEIO VICTOR F\u00c1BREGAS\"><\/a>\n\t<\/div>\n<\/div>\n<\/div>\n<div class=\"fusion-portfolio-content\" style=\"background-color:rgba(255,255,255,0);\"><h2 class=\"entry-title fusion-post-title\"><a href=\"https:\/\/blogdovitinho.com.br\/pt_br\/projetos\/torneio-victor-fabregas\/\">TORNEIO VICTOR F\u00c1BREGAS<\/a><\/h2><div class=\"fusion-portfolio-meta\"><a href=\"https:\/\/blogdovitinho.com.br\/pt_br\/portfolio_category\/projetos-sociais\/\" rel=\"tag\">PROJETOS SOCIAIS<\/a><\/div><div class=\"fusion-content-sep sep-transparent sep-none\" style=\"border-color:rgba(224,222,222,0);\"><\/div><div class=\"fusion-post-content\"><p> Torneio Victor F\u00e1bregas de futebol amador j\u00e1 \u00e9 realidade   O Torneio Victor F\u00e1bregas de Futebol Amador, que se encontra na 5\u00aa edi\u00e7\u00e3o, \u00e9 uma realidade na comunidade do Acaba Mundo. Pelo quarto<\/p><\/div><\/div><\/div><\/article><\/div><\/div><div class=\"fusion-clearfix\"><\/div><\/div><\/div><\/div><\/div>\n","protected":false},"excerpt":{"rendered":"","protected":false},"author":2,"featured_media":0,"parent":0,"menu_order":0,"comment_status":"closed","ping_status":"closed","template":"100-width.php","meta":{"_exactmetrics_skip_tracking":false,"_exactmetrics_sitenote_active":false,"_exactmetrics_sitenote_note":"","_exactmetrics_sitenote_category":0,"footnotes":""},"class_list":["post-8","page","type-page","status-publish","hentry"],"_links":{"self":[{"href":"https:\/\/blogdovitinho.com.br\/pt_br\/wp-json\/wp\/v2\/pages\/8","targetHints":{"allow":["GET"]}}],"collection":[{"href":"https:\/\/blogdovitinho.com.br\/pt_br\/wp-json\/wp\/v2\/pages"}],"about":[{"href":"https:\/\/blogdovitinho.com.br\/pt_br\/wp-json\/wp\/v2\/types\/page"}],"author":[{"embeddable":true,"href":"https:\/\/blogdovitinho.com.br\/pt_br\/wp-json\/wp\/v2\/users\/2"}],"replies":[{"embeddable":true,"href":"https:\/\/blogdovitinho.com.br\/pt_br\/wp-json\/wp\/v2\/comments?post=8"}],"version-history":[{"count":5,"href":"https:\/\/blogdovitinho.com.br\/pt_br\/wp-json\/wp\/v2\/pages\/8\/revisions"}],"predecessor-version":[{"id":1156,"href":"https:\/\/blogdovitinho.com.br\/pt_br\/wp-json\/wp\/v2\/pages\/8\/revisions\/1156"}],"wp:attachment":[{"href":"https:\/\/blogdovitinho.com.br\/pt_br\/wp-json\/wp\/v2\/media?parent=8"}],"curies":[{"name":"wp","href":"https:\/\/api.w.org\/{rel}","templated":true}]}}