{"id":1052,"date":"2019-02-23T19:35:35","date_gmt":"2019-02-23T22:35:35","guid":{"rendered":"http:\/\/blogdovitinho.com.br\/?page_id=1052"},"modified":"2025-12-24T11:26:26","modified_gmt":"2025-12-24T14:26:26","slug":"movimente-se","status":"publish","type":"page","link":"https:\/\/blogdovitinho.com.br\/en\/movimente-se\/","title":{"rendered":"MOVIMENTE-SE"},"content":{"rendered":"<div class=\"fusion-fullwidth fullwidth-box fusion-builder-row-1 hundred-percent-fullwidth non-hundred-percent-height-scrolling\" style=\"--awb-background-position:left top;--awb-border-radius-top-left:0px;--awb-border-radius-top-right:0px;--awb-border-radius-bottom-right:0px;--awb-border-radius-bottom-left:0px;--awb-padding-top:150px;--awb-padding-right:5.5%;--awb-padding-bottom:150px;--awb-padding-left:5.5%;--awb-background-color:#d7d6d6;--awb-border-sizes-top:0px;--awb-border-sizes-bottom:0px;\" ><div class=\"fusion-builder-row fusion-row\"><div class=\"fusion-layout-column fusion_builder_column fusion-builder-column-0 fusion_builder_column_1_1 1_1 fusion-one-full fusion-column-first fusion-column-last\" style=\"--awb-bg-size:cover;\"><div class=\"fusion-column-wrapper fusion-flex-column-wrapper-legacy\"><div class=\"fusion-blog-shortcode fusion-blog-shortcode-1 fusion-blog-archive fusion-blog-layout-grid-wrapper fusion-blog-infinite\" style=\"--grid_separator_color:#fec96b;\"><style type=\"text\/css\">.fusion-blog-shortcode-1 .fusion-blog-layout-grid .fusion-post-grid{padding:25px;}.fusion-blog-shortcode-1 .fusion-posts-container{margin-left: -25px !important; margin-right:-25px !important;}<\/style><div class=\"fusion-posts-container fusion-posts-container-infinite fusion-no-meta-info fusion-blog-rollover fusion-blog-layout-grid fusion-blog-layout-grid-3 isotope fusion-blog-equal-heights\" data-pages=\"1\" data-grid-col-space=\"50\" style=\"margin: -25px -25px 0;min-height:500px;\"><article id=\"blog-1-post-1542\" class=\"fusion-post-grid post-1542 post type-post status-publish format-standard has-post-thumbnail hentry category-depoimentos category-movimente-se\">\n<div class=\"fusion-post-wrapper\" style=\"background-color:rgba(233,30,99,0);border:none;\">\n\n\t\t\t<div class=\"fusion-flexslider flexslider fusion-flexslider-loading fusion-post-slideshow\" style=\"border-color:rgba(139,195,74,0);\">\n\t\t<ul class=\"slides\">\n\t\t\t\n\t\t\t\t\t\t\t\t\t\t\t\t\t\t<li><div  class=\"fusion-image-wrapper\" aria-haspopup=\"true\">\n\t\t\t\t<img decoding=\"async\" width=\"1408\" height=\"811\" src=\"https:\/\/blogdovitinho.com.br\/wp-content\/uploads\/2025\/12\/dona-efigenia-.jpeg\" class=\"attachment-full size-full wp-post-image\" alt=\"\" srcset=\"https:\/\/blogdovitinho.com.br\/wp-content\/uploads\/2025\/12\/dona-efigenia--200x115.jpeg 200w, https:\/\/blogdovitinho.com.br\/wp-content\/uploads\/2025\/12\/dona-efigenia--400x230.jpeg 400w, https:\/\/blogdovitinho.com.br\/wp-content\/uploads\/2025\/12\/dona-efigenia--600x346.jpeg 600w, https:\/\/blogdovitinho.com.br\/wp-content\/uploads\/2025\/12\/dona-efigenia--800x461.jpeg 800w, https:\/\/blogdovitinho.com.br\/wp-content\/uploads\/2025\/12\/dona-efigenia--1200x691.jpeg 1200w, https:\/\/blogdovitinho.com.br\/wp-content\/uploads\/2025\/12\/dona-efigenia-.jpeg 1408w\" sizes=\"(min-width: 2200px) 100vw, (min-width: 784px) 367px, (min-width: 712px) 550px, (min-width: 640px) 712px, \" \/><div class=\"fusion-rollover\">\n\t<div class=\"fusion-rollover-content\">\n\n\t\t\t\t\n\t\t\n\t\t\t\t\t\t\t\t\t\t\t\t<h4 class=\"fusion-rollover-title\">\n\t\t\t\t\t<a class=\"fusion-rollover-title-link\" href=\"https:\/\/blogdovitinho.com.br\/en\/depoimento-dona-efigenia\/\">\n\t\t\t\t\t\tDepoimento Dona Efigenia\t\t\t\t\t<\/a>\n\t\t\t\t<\/h4>\n\t\t\t\n\t\t\t\t\t\t\t\t\n\t\t\n\t\t\t\t\t\t<a class=\"fusion-link-wrapper\" href=\"https:\/\/blogdovitinho.com.br\/en\/depoimento-dona-efigenia\/\" aria-label=\"Depoimento Dona Efigenia\"><\/a>\n\t<\/div>\n<\/div>\n<\/div>\n<\/li>\n\t\t\t\n\t\t\t\n\t\t\t\t\t\t\t\t\t\t\t\t\t\t\t\t\t\t\t\t\t\t\t\t\t\t\t\t\t\t\t\t\t\t\t\t\t\t\t\t\t\t\t\t\t\t\t\t\t\t\t\t\t\t\t\t\t\t\t\t\t\t\t\t\t\t\t\t<\/ul>\n\t<\/div>\n\t<div class=\"fusion-post-content-wrapper\" style=\"padding:30px 25px 20px 25px;\"><div class=\"fusion-post-content post-content\"><h2 class=\"blog-shortcode-post-title entry-title\"><a href=\"https:\/\/blogdovitinho.com.br\/en\/depoimento-dona-efigenia\/\">Depoimento Dona Efigenia<\/a><\/h2><div class=\"fusion-post-content-container\"><\/div><\/div><\/div><div class=\"fusion-clearfix\"><\/div><\/div>\n<\/article>\n<article id=\"blog-1-post-997\" class=\"fusion-post-grid post-997 post type-post status-publish format-standard has-post-thumbnail hentry category-depoimentos category-movimente-se\">\n<div class=\"fusion-post-wrapper\" style=\"background-color:rgba(233,30,99,0);border:none;\">\n\n\t\t\t<div class=\"fusion-flexslider flexslider fusion-flexslider-loading fusion-post-slideshow\" style=\"border-color:rgba(139,195,74,0);\">\n\t\t<ul class=\"slides\">\n\t\t\t\n\t\t\t\t\t\t\t\t\t\t\t\t\t\t<li><div  class=\"fusion-image-wrapper\" aria-haspopup=\"true\">\n\t\t\t\t<img decoding=\"async\" width=\"1200\" height=\"675\" src=\"https:\/\/blogdovitinho.com.br\/wp-content\/uploads\/2025\/12\/depoimento-bolivar.webp\" class=\"attachment-full size-full wp-post-image\" alt=\"\" srcset=\"https:\/\/blogdovitinho.com.br\/wp-content\/uploads\/2025\/12\/depoimento-bolivar-200x113.webp 200w, https:\/\/blogdovitinho.com.br\/wp-content\/uploads\/2025\/12\/depoimento-bolivar-300x169.webp 300w, https:\/\/blogdovitinho.com.br\/wp-content\/uploads\/2025\/12\/depoimento-bolivar-400x225.webp 400w, https:\/\/blogdovitinho.com.br\/wp-content\/uploads\/2025\/12\/depoimento-bolivar-600x338.webp 600w, https:\/\/blogdovitinho.com.br\/wp-content\/uploads\/2025\/12\/depoimento-bolivar-768x432.webp 768w, https:\/\/blogdovitinho.com.br\/wp-content\/uploads\/2025\/12\/depoimento-bolivar-800x450.webp 800w, https:\/\/blogdovitinho.com.br\/wp-content\/uploads\/2025\/12\/depoimento-bolivar-1024x576.webp 1024w, https:\/\/blogdovitinho.com.br\/wp-content\/uploads\/2025\/12\/depoimento-bolivar.webp 1200w\" sizes=\"(min-width: 2200px) 100vw, (min-width: 784px) 367px, (min-width: 712px) 550px, (min-width: 640px) 712px, \" \/><div class=\"fusion-rollover\">\n\t<div class=\"fusion-rollover-content\">\n\n\t\t\t\t\n\t\t\n\t\t\t\t\t\t\t\t\t\t\t\t<h4 class=\"fusion-rollover-title\">\n\t\t\t\t\t<a class=\"fusion-rollover-title-link\" href=\"https:\/\/blogdovitinho.com.br\/en\/depoimento-bolivar\/\">\n\t\t\t\t\t\tDepoimento Bolivar\t\t\t\t\t<\/a>\n\t\t\t\t<\/h4>\n\t\t\t\n\t\t\t\t\t\t\t\t\n\t\t\n\t\t\t\t\t\t<a class=\"fusion-link-wrapper\" href=\"https:\/\/blogdovitinho.com.br\/en\/depoimento-bolivar\/\" aria-label=\"Depoimento Bolivar\"><\/a>\n\t<\/div>\n<\/div>\n<\/div>\n<\/li>\n\t\t\t\n\t\t\t\n\t\t\t\t\t\t\t\t\t\t\t\t\t\t\t\t\t\t\t\t\t\t\t\t\t\t\t\t\t\t\t\t\t\t\t\t\t\t\t\t\t\t\t\t\t\t\t\t\t\t\t\t\t\t\t\t\t\t\t\t\t\t\t\t\t\t\t\t<\/ul>\n\t<\/div>\n\t<div class=\"fusion-post-content-wrapper\" style=\"padding:30px 25px 20px 25px;\"><div class=\"fusion-post-content post-content\"><h2 class=\"blog-shortcode-post-title entry-title\"><a href=\"https:\/\/blogdovitinho.com.br\/en\/depoimento-bolivar\/\">Depoimento Bolivar<\/a><\/h2><div class=\"fusion-post-content-container\"><\/div><\/div><\/div><div class=\"fusion-clearfix\"><\/div><\/div>\n<\/article>\n<article id=\"blog-1-post-1306\" class=\"fusion-post-grid post-1306 post type-post status-publish format-standard has-post-thumbnail hentry category-movimente-se tag-torneio-de-futebol-infantil\">\n<div class=\"fusion-post-wrapper\" style=\"background-color:rgba(233,30,99,0);border:none;\">\n\n\t\t\t<div class=\"fusion-flexslider flexslider fusion-flexslider-loading fusion-post-slideshow\" style=\"border-color:rgba(139,195,74,0);\">\n\t\t<ul class=\"slides\">\n\t\t\t\n\t\t\t\t\t\t\t\t\t\t\t\t\t\t<li><div  class=\"fusion-image-wrapper\" aria-haspopup=\"true\">\n\t\t\t\t<img decoding=\"async\" width=\"1920\" height=\"1080\" src=\"https:\/\/blogdovitinho.com.br\/wp-content\/uploads\/2017\/06\/banner-blog-do-vitinho-TORNEIO-DE-FUTEBOL-AMADOR-colorido.jpg\" class=\"attachment-full size-full wp-post-image\" alt=\"\" srcset=\"https:\/\/blogdovitinho.com.br\/wp-content\/uploads\/2017\/06\/banner-blog-do-vitinho-TORNEIO-DE-FUTEBOL-AMADOR-colorido-200x113.jpg 200w, https:\/\/blogdovitinho.com.br\/wp-content\/uploads\/2017\/06\/banner-blog-do-vitinho-TORNEIO-DE-FUTEBOL-AMADOR-colorido-400x225.jpg 400w, https:\/\/blogdovitinho.com.br\/wp-content\/uploads\/2017\/06\/banner-blog-do-vitinho-TORNEIO-DE-FUTEBOL-AMADOR-colorido-600x338.jpg 600w, https:\/\/blogdovitinho.com.br\/wp-content\/uploads\/2017\/06\/banner-blog-do-vitinho-TORNEIO-DE-FUTEBOL-AMADOR-colorido-800x450.jpg 800w, https:\/\/blogdovitinho.com.br\/wp-content\/uploads\/2017\/06\/banner-blog-do-vitinho-TORNEIO-DE-FUTEBOL-AMADOR-colorido-1200x675.jpg 1200w, https:\/\/blogdovitinho.com.br\/wp-content\/uploads\/2017\/06\/banner-blog-do-vitinho-TORNEIO-DE-FUTEBOL-AMADOR-colorido.jpg 1920w\" sizes=\"(min-width: 2200px) 100vw, (min-width: 784px) 367px, (min-width: 712px) 550px, (min-width: 640px) 712px, \" \/><div class=\"fusion-rollover\">\n\t<div class=\"fusion-rollover-content\">\n\n\t\t\t\t\n\t\t\n\t\t\t\t\t\t\t\t\t\t\t\t<h4 class=\"fusion-rollover-title\">\n\t\t\t\t\t<a class=\"fusion-rollover-title-link\" href=\"https:\/\/blogdovitinho.com.br\/en\/vem-ai-em-abril-o-1o-torneio-de-futebol-infantil-2\/\">\n\t\t\t\t\t\tVem a\u00ed em Julho o 1\u00ba Torneio de futebol Infantil!\t\t\t\t\t<\/a>\n\t\t\t\t<\/h4>\n\t\t\t\n\t\t\t\t\t\t\t\t\n\t\t\n\t\t\t\t\t\t<a class=\"fusion-link-wrapper\" href=\"https:\/\/blogdovitinho.com.br\/en\/vem-ai-em-abril-o-1o-torneio-de-futebol-infantil-2\/\" aria-label=\"Vem a\u00ed em Julho o 1\u00ba Torneio de futebol Infantil!\"><\/a>\n\t<\/div>\n<\/div>\n<\/div>\n<\/li>\n\t\t\t\n\t\t\t\n\t\t\t\t\t\t\t\t\t\t\t\t\t\t\t\t\t\t\t\t\t\t\t\t\t\t\t\t\t\t\t\t\t\t\t\t\t\t\t\t\t\t\t\t\t\t\t\t\t\t\t\t\t\t\t\t\t\t\t\t\t\t\t\t\t\t\t\t<\/ul>\n\t<\/div>\n\t<div class=\"fusion-post-content-wrapper\" style=\"padding:30px 25px 20px 25px;\"><div class=\"fusion-post-content post-content\"><h2 class=\"blog-shortcode-post-title entry-title\"><a href=\"https:\/\/blogdovitinho.com.br\/en\/vem-ai-em-abril-o-1o-torneio-de-futebol-infantil-2\/\">Vem a\u00ed em Julho o 1\u00ba Torneio de futebol Infantil!<\/a><\/h2><div class=\"fusion-post-content-container\"><\/div><\/div><\/div><div class=\"fusion-clearfix\"><\/div><\/div>\n<\/article>\n<article id=\"blog-1-post-1002\" class=\"fusion-post-grid post-1002 post type-post status-publish format-standard has-post-thumbnail hentry category-movimente-se\">\n<div class=\"fusion-post-wrapper\" style=\"background-color:rgba(233,30,99,0);border:none;\">\n\n\t\t\t<div class=\"fusion-flexslider flexslider fusion-flexslider-loading fusion-post-slideshow\" style=\"border-color:rgba(139,195,74,0);\">\n\t\t<ul class=\"slides\">\n\t\t\t\n\t\t\t\t\t\t\t\t\t\t\t\t\t\t<li><div  class=\"fusion-image-wrapper\" aria-haspopup=\"true\">\n\t\t\t\t<img decoding=\"async\" width=\"7360\" height=\"4912\" src=\"https:\/\/blogdovitinho.com.br\/wp-content\/uploads\/2019\/01\/5357.jpg\" class=\"attachment-full size-full wp-post-image\" alt=\"\" srcset=\"https:\/\/blogdovitinho.com.br\/wp-content\/uploads\/2019\/01\/5357-200x133.jpg 200w, https:\/\/blogdovitinho.com.br\/wp-content\/uploads\/2019\/01\/5357-400x267.jpg 400w, https:\/\/blogdovitinho.com.br\/wp-content\/uploads\/2019\/01\/5357-600x400.jpg 600w, https:\/\/blogdovitinho.com.br\/wp-content\/uploads\/2019\/01\/5357-800x534.jpg 800w, https:\/\/blogdovitinho.com.br\/wp-content\/uploads\/2019\/01\/5357-1200x801.jpg 1200w, https:\/\/blogdovitinho.com.br\/wp-content\/uploads\/2019\/01\/5357.jpg 7360w\" sizes=\"(min-width: 2200px) 100vw, (min-width: 784px) 367px, (min-width: 712px) 550px, (min-width: 640px) 712px, \" \/><div class=\"fusion-rollover\">\n\t<div class=\"fusion-rollover-content\">\n\n\t\t\t\t\n\t\t\n\t\t\t\t\t\t\t\t\t\t\t\t<h4 class=\"fusion-rollover-title\">\n\t\t\t\t\t<a class=\"fusion-rollover-title-link\" href=\"https:\/\/blogdovitinho.com.br\/en\/esporte-caminho-certo-para-o-bem-estar\/\">\n\t\t\t\t\t\tEsporte: caminho &#8220;certo&#8221; para o bem estar\t\t\t\t\t<\/a>\n\t\t\t\t<\/h4>\n\t\t\t\n\t\t\t\t\t\t\t\t\n\t\t\n\t\t\t\t\t\t<a class=\"fusion-link-wrapper\" href=\"https:\/\/blogdovitinho.com.br\/en\/esporte-caminho-certo-para-o-bem-estar\/\" aria-label=\"Esporte: caminho &#8220;certo&#8221; para o bem estar\"><\/a>\n\t<\/div>\n<\/div>\n<\/div>\n<\/li>\n\t\t\t\n\t\t\t\n\t\t\t\t\t\t\t\t\t\t\t\t\t\t\t\t\t\t\t\t\t\t\t\t\t\t\t\t\t\t\t\t\t\t\t\t\t\t\t\t\t\t\t\t\t\t\t\t\t\t\t\t\t\t\t\t\t\t\t\t\t\t\t\t\t\t\t\t<\/ul>\n\t<\/div>\n\t<div class=\"fusion-post-content-wrapper\" style=\"padding:30px 25px 20px 25px;\"><div class=\"fusion-post-content post-content\"><h2 class=\"blog-shortcode-post-title entry-title\"><a href=\"https:\/\/blogdovitinho.com.br\/en\/esporte-caminho-certo-para-o-bem-estar\/\">Esporte: caminho &#8220;certo&#8221; para o bem estar<\/a><\/h2><div class=\"fusion-post-content-container\"><\/div><\/div><\/div><div class=\"fusion-clearfix\"><\/div><\/div>\n<\/article>\n<article id=\"blog-1-post-962\" class=\"fusion-post-grid post-962 post type-post status-publish format-standard has-post-thumbnail hentry category-movimente-se category-torneio-de-futebol-infantil-projetos-sociais tag-projetosocialnaoepraqualquerum tag-amosocial tag-esportefaculdadedamente tag-pulmaobh tag-saudeepaz tag-sustentabilidade\">\n<div class=\"fusion-post-wrapper\" style=\"background-color:rgba(233,30,99,0);border:none;\">\n\n\t\t\t<div class=\"fusion-flexslider flexslider fusion-flexslider-loading fusion-post-slideshow\" style=\"border-color:rgba(139,195,74,0);\">\n\t\t<ul class=\"slides\">\n\t\t\t\n\t\t\t\t\t\t\t\t\t\t\t\t\t\t<li><div  class=\"fusion-image-wrapper\" aria-haspopup=\"true\">\n\t\t\t\t<img decoding=\"async\" width=\"300\" height=\"168\" src=\"https:\/\/blogdovitinho.com.br\/wp-content\/uploads\/2017\/09\/futebol-amador-infantil-3.jpg\" class=\"attachment-full size-full wp-post-image\" alt=\"\" srcset=\"https:\/\/blogdovitinho.com.br\/wp-content\/uploads\/2017\/09\/futebol-amador-infantil-3-200x112.jpg 200w, https:\/\/blogdovitinho.com.br\/wp-content\/uploads\/2017\/09\/futebol-amador-infantil-3.jpg 300w\" sizes=\"(min-width: 2200px) 100vw, (min-width: 784px) 367px, (min-width: 712px) 550px, (min-width: 640px) 712px, \" \/><div class=\"fusion-rollover\">\n\t<div class=\"fusion-rollover-content\">\n\n\t\t\t\t\n\t\t\n\t\t\t\t\t\t\t\t\t\t\t\t<h4 class=\"fusion-rollover-title\">\n\t\t\t\t\t<a class=\"fusion-rollover-title-link\" href=\"https:\/\/blogdovitinho.com.br\/en\/esporte-faculdade-mente\/\">\n\t\t\t\t\t\tEsporte, faculdade da mente.\t\t\t\t\t<\/a>\n\t\t\t\t<\/h4>\n\t\t\t\n\t\t\t\t\t\t\t\t\n\t\t\n\t\t\t\t\t\t<a class=\"fusion-link-wrapper\" href=\"https:\/\/blogdovitinho.com.br\/en\/esporte-faculdade-mente\/\" aria-label=\"Esporte, faculdade da mente.\"><\/a>\n\t<\/div>\n<\/div>\n<\/div>\n<\/li>\n\t\t\t\n\t\t\t\n\t\t\t\t\t\t\t\t\t\t\t\t\t\t\t\t\t\t\t\t\t\t\t\t\t\t\t\t\t\t\t\t\t\t\t\t\t\t\t\t\t\t\t\t\t\t\t\t\t\t\t\t\t\t\t\t\t\t\t\t\t\t\t\t\t\t\t\t<\/ul>\n\t<\/div>\n\t<div class=\"fusion-post-content-wrapper\" style=\"padding:30px 25px 20px 25px;\"><div class=\"fusion-post-content post-content\"><h2 class=\"blog-shortcode-post-title entry-title\"><a href=\"https:\/\/blogdovitinho.com.br\/en\/esporte-faculdade-mente\/\">Esporte, faculdade da mente.<\/a><\/h2><div class=\"fusion-post-content-container\"><\/div><\/div><\/div><div class=\"fusion-clearfix\"><\/div><\/div>\n<\/article>\n<article id=\"blog-1-post-947\" class=\"fusion-post-grid post-947 post type-post status-publish format-standard has-post-thumbnail hentry category-acoes-sociais-independentes category-movimente-se\">\n<div class=\"fusion-post-wrapper\" style=\"background-color:rgba(233,30,99,0);border:none;\">\n\n\t\t\t<div class=\"fusion-flexslider flexslider fusion-flexslider-loading fusion-post-slideshow\" style=\"border-color:rgba(139,195,74,0);\">\n\t\t<ul class=\"slides\">\n\t\t\t\n\t\t\t\t\t\t\t\t\t\t\t\t\t\t<li><div  class=\"fusion-image-wrapper\" aria-haspopup=\"true\">\n\t\t\t\t<img decoding=\"async\" width=\"1040\" height=\"585\" src=\"https:\/\/blogdovitinho.com.br\/wp-content\/uploads\/2017\/08\/Marta-Ferreira-bi-campea-mundial-de-canoagem-ACI-associa\u00e7\u00e3o-de-canoagem-itacare-1.jpeg\" class=\"attachment-full size-full wp-post-image\" alt=\"\" srcset=\"https:\/\/blogdovitinho.com.br\/wp-content\/uploads\/2017\/08\/Marta-Ferreira-bi-campea-mundial-de-canoagem-ACI-associa\u00e7\u00e3o-de-canoagem-itacare-1-200x113.jpeg 200w, https:\/\/blogdovitinho.com.br\/wp-content\/uploads\/2017\/08\/Marta-Ferreira-bi-campea-mundial-de-canoagem-ACI-associa\u00e7\u00e3o-de-canoagem-itacare-1-400x225.jpeg 400w, https:\/\/blogdovitinho.com.br\/wp-content\/uploads\/2017\/08\/Marta-Ferreira-bi-campea-mundial-de-canoagem-ACI-associa\u00e7\u00e3o-de-canoagem-itacare-1-600x338.jpeg 600w, https:\/\/blogdovitinho.com.br\/wp-content\/uploads\/2017\/08\/Marta-Ferreira-bi-campea-mundial-de-canoagem-ACI-associa\u00e7\u00e3o-de-canoagem-itacare-1-800x450.jpeg 800w, https:\/\/blogdovitinho.com.br\/wp-content\/uploads\/2017\/08\/Marta-Ferreira-bi-campea-mundial-de-canoagem-ACI-associa\u00e7\u00e3o-de-canoagem-itacare-1.jpeg 1040w\" sizes=\"(min-width: 2200px) 100vw, (min-width: 784px) 367px, (min-width: 712px) 550px, (min-width: 640px) 712px, \" \/><div class=\"fusion-rollover\">\n\t<div class=\"fusion-rollover-content\">\n\n\t\t\t\t\n\t\t\n\t\t\t\t\t\t\t\t\t\t\t\t<h4 class=\"fusion-rollover-title\">\n\t\t\t\t\t<a class=\"fusion-rollover-title-link\" href=\"https:\/\/blogdovitinho.com.br\/en\/ferias-sim-mas-com-engajamento-conhecam-um-pouco-mais-do-projeto-aci-associacao-de-canoagem-itacare\/\">\n\t\t\t\t\t\tF\u00e9rias sim, mas com engajamento! Conhe\u00e7am um pouco mais do Projeto ACI &#8211; Associa\u00e7\u00e3o de Canoagem Itacar\u00e9\t\t\t\t\t<\/a>\n\t\t\t\t<\/h4>\n\t\t\t\n\t\t\t\t\t\t\t\t\n\t\t\n\t\t\t\t\t\t<a class=\"fusion-link-wrapper\" href=\"https:\/\/blogdovitinho.com.br\/en\/ferias-sim-mas-com-engajamento-conhecam-um-pouco-mais-do-projeto-aci-associacao-de-canoagem-itacare\/\" aria-label=\"F\u00e9rias sim, mas com engajamento! Conhe\u00e7am um pouco mais do Projeto ACI &#8211; Associa\u00e7\u00e3o de Canoagem Itacar\u00e9\"><\/a>\n\t<\/div>\n<\/div>\n<\/div>\n<\/li>\n\t\t\t\n\t\t\t\n\t\t\t\t\t\t\t\t\t\t\t\t\t\t\t\t\t\t\t\t\t\t\t\t\t\t\t\t\t\t\t\t\t\t\t\t\t\t\t\t\t\t\t\t\t\t\t\t\t\t\t\t\t\t\t\t\t\t\t\t\t\t\t\t\t\t\t\t<\/ul>\n\t<\/div>\n\t<div class=\"fusion-post-content-wrapper\" style=\"padding:30px 25px 20px 25px;\"><div class=\"fusion-post-content post-content\"><h2 class=\"blog-shortcode-post-title entry-title\"><a href=\"https:\/\/blogdovitinho.com.br\/en\/ferias-sim-mas-com-engajamento-conhecam-um-pouco-mais-do-projeto-aci-associacao-de-canoagem-itacare\/\">F\u00e9rias sim, mas com engajamento! Conhe\u00e7am um pouco mais do Projeto ACI &#8211; Associa\u00e7\u00e3o de Canoagem Itacar\u00e9<\/a><\/h2><div class=\"fusion-post-content-container\"><\/div><\/div><\/div><div class=\"fusion-clearfix\"><\/div><\/div>\n<\/article>\n<article id=\"blog-1-post-33\" class=\"fusion-post-grid post-33 post type-post status-publish format-standard has-post-thumbnail hentry category-bem-me-quer category-movimente-se tag-bem-me-quer\">\n<div class=\"fusion-post-wrapper\" style=\"background-color:rgba(233,30,99,0);border:none;\">\n\n\t\t\t<div class=\"fusion-flexslider flexslider fusion-flexslider-loading fusion-post-slideshow\" style=\"border-color:rgba(139,195,74,0);\">\n\t\t<ul class=\"slides\">\n\t\t\t\n\t\t\t\t\t\t\t\t\t\t\t\t\t\t<li><div  class=\"fusion-image-wrapper\" aria-haspopup=\"true\">\n\t\t\t\t<img decoding=\"async\" width=\"1024\" height=\"768\" src=\"https:\/\/blogdovitinho.com.br\/wp-content\/uploads\/2016\/07\/blog-social-do-victor-f\u00e1bregas_banner-04.jpg\" class=\"attachment-full size-full wp-post-image\" alt=\"\" \/><div class=\"fusion-rollover\">\n\t<div class=\"fusion-rollover-content\">\n\n\t\t\t\t\n\t\t\n\t\t\t\t\t\t\t\t\t\t\t\t<h4 class=\"fusion-rollover-title\">\n\t\t\t\t\t<a class=\"fusion-rollover-title-link\" href=\"https:\/\/blogdovitinho.com.br\/en\/voluntario-no-projeto-social-bem-me-quer\/\">\n\t\t\t\t\t\tEx Volunt\u00e1rio no Projeto Social Bem me Quer.\t\t\t\t\t<\/a>\n\t\t\t\t<\/h4>\n\t\t\t\n\t\t\t\t\t\t\t\t\n\t\t\n\t\t\t\t\t\t<a class=\"fusion-link-wrapper\" href=\"https:\/\/blogdovitinho.com.br\/en\/voluntario-no-projeto-social-bem-me-quer\/\" aria-label=\"Ex Volunt\u00e1rio no Projeto Social Bem me Quer.\"><\/a>\n\t<\/div>\n<\/div>\n<\/div>\n<\/li>\n\t\t\t\n\t\t\t\n\t\t\t\t\t\t\t\t\t\t\t\t\t\t\t\t\t\t\t\t\t\t\t\t\t\t\t\t\t\t\t\t\t\t\t\t\t\t\t\t\t\t\t\t\t\t\t\t\t\t\t\t\t\t\t\t\t\t\t\t\t\t\t\t\t\t\t\t<\/ul>\n\t<\/div>\n\t<div class=\"fusion-post-content-wrapper\" style=\"padding:30px 25px 20px 25px;\"><div class=\"fusion-post-content post-content\"><h2 class=\"blog-shortcode-post-title entry-title\"><a href=\"https:\/\/blogdovitinho.com.br\/en\/voluntario-no-projeto-social-bem-me-quer\/\">Ex Volunt\u00e1rio no Projeto Social Bem me Quer.<\/a><\/h2><div class=\"fusion-post-content-container\"><\/div><\/div><\/div><div class=\"fusion-clearfix\"><\/div><\/div>\n<\/article>\n<article id=\"blog-1-post-98\" class=\"fusion-post-grid post-98 post type-post status-publish format-image has-post-thumbnail hentry category-movimente-se category-torneio-victor-fabregas-de-futebol tag-torneio-victor-fabregas-de-futebol post_format-post-format-image\">\n<div class=\"fusion-post-wrapper\" style=\"background-color:rgba(233,30,99,0);border:none;\">\n\n\t\t\t<div class=\"fusion-flexslider flexslider fusion-flexslider-loading fusion-post-slideshow\" style=\"border-color:rgba(139,195,74,0);\">\n\t\t<ul class=\"slides\">\n\t\t\t\n\t\t\t\t\t\t\t\t\t\t\t\t\t\t<li><div  class=\"fusion-image-wrapper\" aria-haspopup=\"true\">\n\t\t\t\t<img decoding=\"async\" width=\"1024\" height=\"768\" src=\"https:\/\/blogdovitinho.com.br\/wp-content\/uploads\/2016\/07\/blog-social-do-victor-f\u00e1bregas_banner-11.jpg\" class=\"attachment-full size-full wp-post-image\" alt=\"\" \/><div class=\"fusion-rollover\">\n\t<div class=\"fusion-rollover-content\">\n\n\t\t\t\t\n\t\t\n\t\t\t\t\t\t\t\t\t\t\t\t<h4 class=\"fusion-rollover-title\">\n\t\t\t\t\t<a class=\"fusion-rollover-title-link\" href=\"https:\/\/blogdovitinho.com.br\/en\/14o-torneio-victor-fabregas-de-futebol\/\">\n\t\t\t\t\t\tTorneio Victor F\u00e1bregas de Futebol Amador.\t\t\t\t\t<\/a>\n\t\t\t\t<\/h4>\n\t\t\t\n\t\t\t\t\t\t\t\t\n\t\t\n\t\t\t\t\t\t<a class=\"fusion-link-wrapper\" href=\"https:\/\/blogdovitinho.com.br\/en\/14o-torneio-victor-fabregas-de-futebol\/\" aria-label=\"Torneio Victor F\u00e1bregas de Futebol Amador.\"><\/a>\n\t<\/div>\n<\/div>\n<\/div>\n<\/li>\n\t\t\t\n\t\t\t\n\t\t\t\t\t\t\t\t\t\t\t\t\t\t\t\t\t\t\t\t\t\t\t\t\t\t\t\t\t\t\t\t\t\t\t\t\t\t\t\t\t\t\t\t\t\t\t\t\t\t\t\t\t\t\t\t\t\t\t\t\t\t\t\t\t\t\t\t<\/ul>\n\t<\/div>\n\t<div class=\"fusion-post-content-wrapper\" style=\"padding:30px 25px 20px 25px;\"><div class=\"fusion-post-content post-content\"><h2 class=\"blog-shortcode-post-title entry-title\"><a href=\"https:\/\/blogdovitinho.com.br\/en\/14o-torneio-victor-fabregas-de-futebol\/\">Torneio Victor F\u00e1bregas de Futebol Amador.<\/a><\/h2><div class=\"fusion-post-content-container\"><\/div><\/div><\/div><div class=\"fusion-clearfix\"><\/div><\/div>\n<\/article>\n<article id=\"blog-1-post-139\" class=\"fusion-post-grid post-139 post type-post status-publish format-standard has-post-thumbnail hentry category-acoes-sociais-independentes category-movimente-se\">\n<div class=\"fusion-post-wrapper\" style=\"background-color:rgba(233,30,99,0);border:none;\">\n\n\t\t\t<div class=\"fusion-flexslider flexslider fusion-flexslider-loading fusion-post-slideshow\" style=\"border-color:rgba(139,195,74,0);\">\n\t\t<ul class=\"slides\">\n\t\t\t\n\t\t\t\t\t\t\t\t\t\t\t\t\t\t<li><div  class=\"fusion-image-wrapper\" aria-haspopup=\"true\">\n\t\t\t\t<img decoding=\"async\" width=\"2048\" height=\"1152\" src=\"https:\/\/blogdovitinho.com.br\/wp-content\/uploads\/2011\/04\/14068581_659206154232929_9176152562045711496_o.jpg\" class=\"attachment-full size-full wp-post-image\" alt=\"\" \/><div class=\"fusion-rollover\">\n\t<div class=\"fusion-rollover-content\">\n\n\t\t\t\t\n\t\t\n\t\t\t\t\t\t\t\t\t\t\t\t<h4 class=\"fusion-rollover-title\">\n\t\t\t\t\t<a class=\"fusion-rollover-title-link\" href=\"https:\/\/blogdovitinho.com.br\/en\/confraternizacao-da-distribuicao-de-cestas-basicas\/\">\n\t\t\t\t\t\tConfraterniza\u00e7\u00e3o da distribui\u00e7\u00e3o de cestas b\u00e1sicas\t\t\t\t\t<\/a>\n\t\t\t\t<\/h4>\n\t\t\t\n\t\t\t\t\t\t\t\t\n\t\t\n\t\t\t\t\t\t<a class=\"fusion-link-wrapper\" href=\"https:\/\/blogdovitinho.com.br\/en\/confraternizacao-da-distribuicao-de-cestas-basicas\/\" aria-label=\"Confraterniza\u00e7\u00e3o da distribui\u00e7\u00e3o de cestas b\u00e1sicas\"><\/a>\n\t<\/div>\n<\/div>\n<\/div>\n<\/li>\n\t\t\t\n\t\t\t\n\t\t\t\t\t\t\t\t\t\t\t\t\t\t\t\t\t\t\t\t\t\t\t\t\t\t\t\t\t\t\t\t\t\t\t\t\t\t\t\t\t\t\t\t\t\t\t\t\t\t\t\t\t\t\t\t\t\t\t\t\t\t\t\t\t\t\t\t<\/ul>\n\t<\/div>\n\t<div class=\"fusion-post-content-wrapper\" style=\"padding:30px 25px 20px 25px;\"><div class=\"fusion-post-content post-content\"><h2 class=\"blog-shortcode-post-title entry-title\"><a href=\"https:\/\/blogdovitinho.com.br\/en\/confraternizacao-da-distribuicao-de-cestas-basicas\/\">Confraterniza\u00e7\u00e3o da distribui\u00e7\u00e3o de cestas b\u00e1sicas<\/a><\/h2><div class=\"fusion-post-content-container\"><\/div><\/div><\/div><div class=\"fusion-clearfix\"><\/div><\/div>\n<\/article>\n<div class=\"fusion-clearfix\"><\/div><\/div><\/div><div class=\"fusion-clearfix\"><\/div><\/div><\/div><\/div><\/div>","protected":false},"excerpt":{"rendered":"","protected":false},"author":2,"featured_media":0,"parent":0,"menu_order":0,"comment_status":"closed","ping_status":"closed","template":"100-width.php","meta":{"_exactmetrics_skip_tracking":false,"_exactmetrics_sitenote_active":false,"_exactmetrics_sitenote_note":"","_exactmetrics_sitenote_category":0,"footnotes":""},"class_list":["post-1052","page","type-page","status-publish","hentry"],"_links":{"self":[{"href":"https:\/\/blogdovitinho.com.br\/en\/wp-json\/wp\/v2\/pages\/1052","targetHints":{"allow":["GET"]}}],"collection":[{"href":"https:\/\/blogdovitinho.com.br\/en\/wp-json\/wp\/v2\/pages"}],"about":[{"href":"https:\/\/blogdovitinho.com.br\/en\/wp-json\/wp\/v2\/types\/page"}],"author":[{"embeddable":true,"href":"https:\/\/blogdovitinho.com.br\/en\/wp-json\/wp\/v2\/users\/2"}],"replies":[{"embeddable":true,"href":"https:\/\/blogdovitinho.com.br\/en\/wp-json\/wp\/v2\/comments?post=1052"}],"version-history":[{"count":12,"href":"https:\/\/blogdovitinho.com.br\/en\/wp-json\/wp\/v2\/pages\/1052\/revisions"}],"predecessor-version":[{"id":1522,"href":"https:\/\/blogdovitinho.com.br\/en\/wp-json\/wp\/v2\/pages\/1052\/revisions\/1522"}],"wp:attachment":[{"href":"https:\/\/blogdovitinho.com.br\/en\/wp-json\/wp\/v2\/media?parent=1052"}],"curies":[{"name":"wp","href":"https:\/\/api.w.org\/{rel}","templated":true}]}}